{"id":1073,"date":"2024-03-21T20:13:37","date_gmt":"2024-03-21T19:13:37","guid":{"rendered":"https:\/\/larissa-robcis.com\/?page_id=1073"},"modified":"2025-09-08T09:13:45","modified_gmt":"2025-09-08T07:13:45","slug":"empeza-a-invertir","status":"publish","type":"page","link":"https:\/\/larissa-robcis.com\/fr\/empeza-a-invertir\/","title":{"rendered":"Empezar a invertir"},"content":{"rendered":"\t\t<div data-elementor-type=\"wp-page\" data-elementor-id=\"1073\" class=\"elementor elementor-1073\" data-elementor-post-type=\"page\">\n\t\t\t\t<div class=\"elementor-element elementor-element-77a95a2 e-flex e-con-boxed e-con e-parent\" data-id=\"77a95a2\" data-element_type=\"container\" data-e-type=\"container\">\n\t\t\t\t\t<div class=\"e-con-inner\">\n\t\t\t\t<div class=\"elementor-element elementor-element-4493518 elementor-widget elementor-widget-heading\" data-id=\"4493518\" data-element_type=\"widget\" data-e-type=\"widget\" data-widget_type=\"heading.default\">\n\t\t\t\t<div class=\"elementor-widget-container\">\n\t\t\t\t\t<h1 class=\"elementor-heading-title elementor-size-default\">Empezar a invertir.<\/h1>\t\t\t\t<\/div>\n\t\t\t\t<\/div>\n\t\t\t\t<div class=\"elementor-element elementor-element-7359ff4 elementor-widget elementor-widget-heading\" data-id=\"7359ff4\" data-element_type=\"widget\" data-e-type=\"widget\" data-widget_type=\"heading.default\">\n\t\t\t\t<div class=\"elementor-widget-container\">\n\t\t\t\t\t<h2 class=\"elementor-heading-title elementor-size-default\">Concierte una cita aqu\u00ed.<\/h2>\t\t\t\t<\/div>\n\t\t\t\t<\/div>\n\t\t\t\t\t<\/div>\n\t\t\t\t<\/div>\n\t\t<div class=\"elementor-element elementor-element-1031da7 e-flex e-con-boxed e-con e-parent\" data-id=\"1031da7\" data-element_type=\"container\" data-e-type=\"container\">\n\t\t\t\t\t<div class=\"e-con-inner\">\n\t\t<div class=\"elementor-element elementor-element-c4b57c4 e-con-full e-flex e-con e-child\" data-id=\"c4b57c4\" data-element_type=\"container\" data-e-type=\"container\">\n\t\t<div class=\"elementor-element elementor-element-a9a80dd animated-slow e-flex e-con-boxed elementor-invisible e-con e-child\" data-id=\"a9a80dd\" data-element_type=\"container\" data-e-type=\"container\" data-settings=\"{&quot;background_background&quot;:&quot;classic&quot;,&quot;animation&quot;:&quot;slideInRight&quot;}\">\n\t\t\t\t\t<div class=\"e-con-inner\">\n\t\t\t\t<div class=\"elementor-element elementor-element-ee98278 elementor-widget elementor-widget-text-editor\" data-id=\"ee98278\" data-element_type=\"widget\" data-e-type=\"widget\" data-widget_type=\"text-editor.default\">\n\t\t\t\t<div class=\"elementor-widget-container\">\n\t\t\t\t\t\t\t\t\t<h3>Describa su proyecto.<\/h3>\t\t\t\t\t\t\t\t<\/div>\n\t\t\t\t<\/div>\n\t\t\t\t<div class=\"elementor-element elementor-element-d937bb3 elementor-button-align-stretch elementor-widget elementor-widget-form\" data-id=\"d937bb3\" data-element_type=\"widget\" data-e-type=\"widget\" data-settings=\"{&quot;button_width&quot;:&quot;20&quot;,&quot;step_next_label&quot;:&quot;Suivant&quot;,&quot;step_previous_label&quot;:&quot;Pr\\u00e9c\\u00e9dent&quot;,&quot;step_type&quot;:&quot;number_text&quot;,&quot;step_icon_shape&quot;:&quot;circle&quot;}\" data-widget_type=\"form.default\">\n\t\t\t\t<div class=\"elementor-widget-container\">\n\t\t\t\t\t\t\t<form class=\"elementor-form\" method=\"post\" name=\"Nouveau formulaire\" aria-label=\"Nouveau formulaire\">\n\t\t\t<input type=\"hidden\" name=\"post_id\" value=\"1073\"\/>\n\t\t\t<input type=\"hidden\" name=\"form_id\" value=\"d937bb3\"\/>\n\t\t\t<input type=\"hidden\" name=\"referer_title\" value=\"Empezar a invertir - Larissa Robcis\" \/>\n\n\t\t\t\t\t\t\t<input type=\"hidden\" name=\"queried_id\" value=\"1073\"\/>\n\t\t\t\n\t\t\t<div class=\"elementor-form-fields-wrapper elementor-labels-above\">\n\t\t\t\t\t\t\t\t<div class=\"elementor-field-type-text elementor-field-group elementor-column elementor-field-group-name elementor-col-100\">\n\t\t\t\t\t\t\t\t\t\t\t\t\t<input size=\"1\" type=\"text\" name=\"form_fields[name]\" id=\"form-field-name\" class=\"elementor-field elementor-size-sm  elementor-field-textual\" placeholder=\"Nombre\">\n\t\t\t\t\t\t\t\t\t\t\t<\/div>\n\t\t\t\t\t\t\t\t<div class=\"elementor-field-type-email elementor-field-group elementor-column elementor-field-group-email elementor-col-100 elementor-field-required\">\n\t\t\t\t\t\t\t\t\t\t\t\t\t<input size=\"1\" type=\"email\" name=\"form_fields[email]\" id=\"form-field-email\" class=\"elementor-field elementor-size-sm  elementor-field-textual\" placeholder=\"E-mail\" required=\"required\">\n\t\t\t\t\t\t\t\t\t\t\t<\/div>\n\t\t\t\t\t\t\t\t<div class=\"elementor-field-type-textarea elementor-field-group elementor-column elementor-field-group-message elementor-col-100\">\n\t\t\t\t\t<textarea class=\"elementor-field-textual elementor-field  elementor-size-sm\" name=\"form_fields[message]\" id=\"form-field-message\" rows=\"4\" placeholder=\"Mensaje\"><\/textarea>\t\t\t\t<\/div>\n\t\t\t\t\t\t\t\t<div class=\"elementor-field-type-recaptcha_v3 elementor-field-group elementor-column elementor-field-group-field_d3224f1 elementor-col-100 recaptcha_v3-bottomright\">\n\t\t\t\t\t<div class=\"elementor-field\" id=\"form-field-field_d3224f1\"><div class=\"elementor-g-recaptcha\" data-sitekey=\"6LfAEgIqAAAAAKh5MHbrO0i0TSDlTgIKX2t89iX8\" data-type=\"v3\" data-action=\"Form\" data-badge=\"bottomright\" data-size=\"invisible\"><\/div><\/div>\t\t\t\t<\/div>\n\t\t\t\t\t\t\t\t<div class=\"elementor-field-group elementor-column elementor-field-type-submit elementor-col-20 e-form__buttons\">\n\t\t\t\t\t<button class=\"elementor-button elementor-size-sm\" type=\"submit\">\n\t\t\t\t\t\t<span class=\"elementor-button-content-wrapper\">\n\t\t\t\t\t\t\t\t\t\t\t\t\t\t\t\t\t\t\t\t\t\t<span class=\"elementor-button-text\">ENVIAR<\/span>\n\t\t\t\t\t\t\t\t\t\t\t\t\t<\/span>\n\t\t\t\t\t<\/button>\n\t\t\t\t<\/div>\n\t\t\t<\/div>\n\t\t<\/form>\n\t\t\t\t\t\t<\/div>\n\t\t\t\t<\/div>\n\t\t\t\t\t<\/div>\n\t\t\t\t<\/div>\n\t\t\t\t<\/div>\n\t\t<div class=\"elementor-element elementor-element-f0dd46e e-con-full e-flex e-con e-child\" data-id=\"f0dd46e\" data-element_type=\"container\" data-e-type=\"container\">\n\t\t\t\t<div class=\"elementor-element elementor-element-a6ba3cc elementor-widget elementor-widget-text-editor\" data-id=\"a6ba3cc\" data-element_type=\"widget\" data-e-type=\"widget\" data-widget_type=\"text-editor.default\">\n\t\t\t\t<div class=\"elementor-widget-container\">\n\t\t\t\t\t\t\t\t\t<p>En esta asesor\u00eda analizaremos tu situaci\u00f3n y trazaremos una estrategia que te ayude a cerrar la brecha de en donde te encuentras hoy y donde quieres estar financieramente. No importa cuales sean tus objetivos, te ayudaremos a llegar m\u00e1s r\u00e1pido.<\/p>\t\t\t\t\t\t\t\t<\/div>\n\t\t\t\t<\/div>\n\t\t\t\t<\/div>\n\t\t\t\t\t<\/div>\n\t\t\t\t<\/div>\n\t\t<div class=\"elementor-element elementor-element-dd54489 e-con-full e-flex e-con e-parent\" data-id=\"dd54489\" data-element_type=\"container\" data-e-type=\"container\">\n\t\t<a class=\"elementor-element elementor-element-a16adf0 e-con-full e-flex e-con e-child\" data-id=\"a16adf0\" data-element_type=\"container\" data-e-type=\"container\" data-settings=\"{&quot;background_background&quot;:&quot;classic&quot;}\" href=\"https:\/\/larissa-robcis.com\/servicios\">\n\t\t\t\t<div class=\"elementor-element elementor-element-808e21f elementor-widget elementor-widget-heading\" data-id=\"808e21f\" data-element_type=\"widget\" data-e-type=\"widget\" data-widget_type=\"heading.default\">\n\t\t\t\t<div class=\"elementor-widget-container\">\n\t\t\t\t\t<h3 class=\"elementor-heading-title elementor-size-default\">Servicios<\/h3>\t\t\t\t<\/div>\n\t\t\t\t<\/div>\n\t\t\t\t<\/a>\n\t\t<a class=\"elementor-element elementor-element-02ff6ec e-con-full e-flex e-con e-child\" data-id=\"02ff6ec\" data-element_type=\"container\" data-e-type=\"container\" data-settings=\"{&quot;background_background&quot;:&quot;classic&quot;}\" href=\"https:\/\/larissa-robcis.com\/#sobre-mi\">\n\t\t\t\t<div class=\"elementor-element elementor-element-ea2c7ae elementor-widget elementor-widget-heading\" data-id=\"ea2c7ae\" data-element_type=\"widget\" data-e-type=\"widget\" data-widget_type=\"heading.default\">\n\t\t\t\t<div class=\"elementor-widget-container\">\n\t\t\t\t\t<h3 class=\"elementor-heading-title elementor-size-default\">Sobre m\u00ed<\/h3>\t\t\t\t<\/div>\n\t\t\t\t<\/div>\n\t\t\t\t<\/a>\n\t\t<a class=\"elementor-element elementor-element-8f83ec9 e-con-full e-flex e-con e-child\" data-id=\"8f83ec9\" data-element_type=\"container\" data-e-type=\"container\" data-settings=\"{&quot;background_background&quot;:&quot;classic&quot;}\" href=\"https:\/\/larissa-robcis.com\/fr\">\n\t\t\t\t<div class=\"elementor-element elementor-element-b6d6882 elementor-widget elementor-widget-heading\" data-id=\"b6d6882\" data-element_type=\"widget\" data-e-type=\"widget\" data-widget_type=\"heading.default\">\n\t\t\t\t<div class=\"elementor-widget-container\">\n\t\t\t\t\t<h3 class=\"elementor-heading-title elementor-size-default\">Home<\/h3>\t\t\t\t<\/div>\n\t\t\t\t<\/div>\n\t\t\t\t<\/a>\n\t\t\t\t<\/div>\n\t\t<div class=\"elementor-element elementor-element-f950d63 e-flex e-con-boxed e-con e-parent\" data-id=\"f950d63\" data-element_type=\"container\" data-e-type=\"container\">\n\t\t\t\t\t<div class=\"e-con-inner\">\n\t\t\t\t<div class=\"elementor-element elementor-element-20fd0af elementor-widget elementor-widget-heading\" data-id=\"20fd0af\" data-element_type=\"widget\" data-e-type=\"widget\" data-widget_type=\"heading.default\">\n\t\t\t\t<div class=\"elementor-widget-container\">\n\t\t\t\t\t<h2 class=\"elementor-heading-title elementor-size-default\">Aumenta tus ganancias<\/h2>\t\t\t\t<\/div>\n\t\t\t\t<\/div>\n\t\t\t\t<div class=\"elementor-element elementor-element-f1071cc elementor-widget elementor-widget-heading\" data-id=\"f1071cc\" data-element_type=\"widget\" data-e-type=\"widget\" data-widget_type=\"heading.default\">\n\t\t\t\t<div class=\"elementor-widget-container\">\n\t\t\t\t\t<h2 class=\"elementor-heading-title elementor-size-default\">Trabaja menos y gana m\u00e1s.<\/h2>\t\t\t\t<\/div>\n\t\t\t\t<\/div>\n\t\t\t\t\t<\/div>\n\t\t\t\t<\/div>\n\t\t\t\t<\/div>\n\t\t","protected":false},"excerpt":{"rendered":"<p>Empezar a invertir. Concierte una cita aqu\u00ed. Describa su proyecto. En esta asesor\u00eda analizaremos tu situaci\u00f3n y trazaremos una estrategia que te ayude a cerrar la brecha de en donde te encuentras hoy y donde quieres estar financieramente. No importa cuales sean tus objetivos, te ayudaremos a llegar m\u00e1s r\u00e1pido. Servicios Sobre m\u00ed Home Aumenta [&hellip;]<\/p>\n","protected":false},"author":1,"featured_media":0,"parent":0,"menu_order":0,"comment_status":"closed","ping_status":"closed","template":"elementor_header_footer","meta":{"footnotes":""},"class_list":["post-1073","page","type-page","status-publish","hentry"],"yoast_head":"<!-- This site is optimized with the Yoast SEO plugin v27.3 - https:\/\/yoast.com\/product\/yoast-seo-wordpress\/ -->\n<title>Empezar a invertir - Larissa Robcis<\/title>\n<meta name=\"description\" content=\"Durante esta consulta, analizaremos su situaci\u00f3n y dise\u00f1aremos una estrategia para ayudarle a alcanzar la situaci\u00f3n que desea.\" \/>\n<meta name=\"robots\" content=\"index, follow, max-snippet:-1, max-image-preview:large, max-video-preview:-1\" \/>\n<link rel=\"canonical\" href=\"https:\/\/larissa-robcis.com\/fr\/empeza-a-invertir\/\" \/>\n<meta property=\"og:locale\" content=\"fr_FR\" \/>\n<meta property=\"og:type\" content=\"article\" \/>\n<meta property=\"og:title\" content=\"Empezar a invertir - Larissa Robcis\" \/>\n<meta property=\"og:description\" content=\"Durante esta consulta, analizaremos su situaci\u00f3n y dise\u00f1aremos una estrategia para ayudarle a alcanzar la situaci\u00f3n que desea.\" \/>\n<meta property=\"og:url\" content=\"https:\/\/larissa-robcis.com\/fr\/empeza-a-invertir\/\" \/>\n<meta property=\"og:site_name\" content=\"Larissa Robcis\" \/>\n<meta property=\"article:modified_time\" content=\"2025-09-08T07:13:45+00:00\" \/>\n<meta name=\"twitter:card\" content=\"summary_large_image\" \/>\n<meta name=\"twitter:label1\" content=\"Dur\u00e9e de lecture estim\u00e9e\" \/>\n\t<meta name=\"twitter:data1\" content=\"1 minute\" \/>\n<script type=\"application\/ld+json\" class=\"yoast-schema-graph\">{\"@context\":\"https:\\\/\\\/schema.org\",\"@graph\":[{\"@type\":\"WebPage\",\"@id\":\"https:\\\/\\\/larissa-robcis.com\\\/empeza-a-invertir\\\/\",\"url\":\"https:\\\/\\\/larissa-robcis.com\\\/empeza-a-invertir\\\/\",\"name\":\"Empezar a invertir - Larissa Robcis\",\"isPartOf\":{\"@id\":\"https:\\\/\\\/larissa-robcis.com\\\/#website\"},\"datePublished\":\"2024-03-21T19:13:37+00:00\",\"dateModified\":\"2025-09-08T07:13:45+00:00\",\"description\":\"Durante esta consulta, analizaremos su situaci\u00f3n y dise\u00f1aremos una estrategia para ayudarle a alcanzar la situaci\u00f3n que desea.\",\"breadcrumb\":{\"@id\":\"https:\\\/\\\/larissa-robcis.com\\\/empeza-a-invertir\\\/#breadcrumb\"},\"inLanguage\":\"fr-FR\",\"potentialAction\":[{\"@type\":\"ReadAction\",\"target\":[\"https:\\\/\\\/larissa-robcis.com\\\/empeza-a-invertir\\\/\"]}]},{\"@type\":\"BreadcrumbList\",\"@id\":\"https:\\\/\\\/larissa-robcis.com\\\/empeza-a-invertir\\\/#breadcrumb\",\"itemListElement\":[{\"@type\":\"ListItem\",\"position\":1,\"name\":\"Accueil\",\"item\":\"https:\\\/\\\/larissa-robcis.com\\\/\"},{\"@type\":\"ListItem\",\"position\":2,\"name\":\"Empezar a invertir\"}]},{\"@type\":\"WebSite\",\"@id\":\"https:\\\/\\\/larissa-robcis.com\\\/#website\",\"url\":\"https:\\\/\\\/larissa-robcis.com\\\/\",\"name\":\"Larissa Robcis\",\"description\":\"Dinero Trabajandom, Beneficios Para Siempre.\",\"publisher\":{\"@id\":\"https:\\\/\\\/larissa-robcis.com\\\/#\\\/schema\\\/person\\\/d1b496ffe3d165fdf53643519f59cc6e\"},\"potentialAction\":[{\"@type\":\"SearchAction\",\"target\":{\"@type\":\"EntryPoint\",\"urlTemplate\":\"https:\\\/\\\/larissa-robcis.com\\\/?s={search_term_string}\"},\"query-input\":{\"@type\":\"PropertyValueSpecification\",\"valueRequired\":true,\"valueName\":\"search_term_string\"}}],\"inLanguage\":\"fr-FR\"},{\"@type\":[\"Person\",\"Organization\"],\"@id\":\"https:\\\/\\\/larissa-robcis.com\\\/#\\\/schema\\\/person\\\/d1b496ffe3d165fdf53643519f59cc6e\",\"name\":\"Larissa\",\"image\":{\"@type\":\"ImageObject\",\"inLanguage\":\"fr-FR\",\"@id\":\"https:\\\/\\\/larissa-robcis.com\\\/wp-content\\\/uploads\\\/2023\\\/12\\\/Larissa-Logo-16.svg\",\"url\":\"https:\\\/\\\/larissa-robcis.com\\\/wp-content\\\/uploads\\\/2023\\\/12\\\/Larissa-Logo-16.svg\",\"contentUrl\":\"https:\\\/\\\/larissa-robcis.com\\\/wp-content\\\/uploads\\\/2023\\\/12\\\/Larissa-Logo-16.svg\",\"width\":500,\"height\":500,\"caption\":\"Larissa\"},\"logo\":{\"@id\":\"https:\\\/\\\/larissa-robcis.com\\\/wp-content\\\/uploads\\\/2023\\\/12\\\/Larissa-Logo-16.svg\"}}]}<\/script>\n<!-- \/ Yoast SEO plugin. -->","yoast_head_json":{"title":"Empezar a invertir - Larissa Robcis","description":"Durante esta consulta, analizaremos su situaci\u00f3n y dise\u00f1aremos una estrategia para ayudarle a alcanzar la situaci\u00f3n que desea.","robots":{"index":"index","follow":"follow","max-snippet":"max-snippet:-1","max-image-preview":"max-image-preview:large","max-video-preview":"max-video-preview:-1"},"canonical":"https:\/\/larissa-robcis.com\/fr\/empeza-a-invertir\/","og_locale":"fr_FR","og_type":"article","og_title":"Empezar a invertir - Larissa Robcis","og_description":"Durante esta consulta, analizaremos su situaci\u00f3n y dise\u00f1aremos una estrategia para ayudarle a alcanzar la situaci\u00f3n que desea.","og_url":"https:\/\/larissa-robcis.com\/fr\/empeza-a-invertir\/","og_site_name":"Larissa Robcis","article_modified_time":"2025-09-08T07:13:45+00:00","twitter_card":"summary_large_image","twitter_misc":{"Dur\u00e9e de lecture estim\u00e9e":"1 minute"},"schema":{"@context":"https:\/\/schema.org","@graph":[{"@type":"WebPage","@id":"https:\/\/larissa-robcis.com\/empeza-a-invertir\/","url":"https:\/\/larissa-robcis.com\/empeza-a-invertir\/","name":"Empezar a invertir - Larissa Robcis","isPartOf":{"@id":"https:\/\/larissa-robcis.com\/#website"},"datePublished":"2024-03-21T19:13:37+00:00","dateModified":"2025-09-08T07:13:45+00:00","description":"Durante esta consulta, analizaremos su situaci\u00f3n y dise\u00f1aremos una estrategia para ayudarle a alcanzar la situaci\u00f3n que desea.","breadcrumb":{"@id":"https:\/\/larissa-robcis.com\/empeza-a-invertir\/#breadcrumb"},"inLanguage":"fr-FR","potentialAction":[{"@type":"ReadAction","target":["https:\/\/larissa-robcis.com\/empeza-a-invertir\/"]}]},{"@type":"BreadcrumbList","@id":"https:\/\/larissa-robcis.com\/empeza-a-invertir\/#breadcrumb","itemListElement":[{"@type":"ListItem","position":1,"name":"Accueil","item":"https:\/\/larissa-robcis.com\/"},{"@type":"ListItem","position":2,"name":"Empezar a invertir"}]},{"@type":"WebSite","@id":"https:\/\/larissa-robcis.com\/#website","url":"https:\/\/larissa-robcis.com\/","name":"Larissa Robcis","description":"Dinero Trabajandom, Beneficios Para Siempre.","publisher":{"@id":"https:\/\/larissa-robcis.com\/#\/schema\/person\/d1b496ffe3d165fdf53643519f59cc6e"},"potentialAction":[{"@type":"SearchAction","target":{"@type":"EntryPoint","urlTemplate":"https:\/\/larissa-robcis.com\/?s={search_term_string}"},"query-input":{"@type":"PropertyValueSpecification","valueRequired":true,"valueName":"search_term_string"}}],"inLanguage":"fr-FR"},{"@type":["Person","Organization"],"@id":"https:\/\/larissa-robcis.com\/#\/schema\/person\/d1b496ffe3d165fdf53643519f59cc6e","name":"Larissa","image":{"@type":"ImageObject","inLanguage":"fr-FR","@id":"https:\/\/larissa-robcis.com\/wp-content\/uploads\/2023\/12\/Larissa-Logo-16.svg","url":"https:\/\/larissa-robcis.com\/wp-content\/uploads\/2023\/12\/Larissa-Logo-16.svg","contentUrl":"https:\/\/larissa-robcis.com\/wp-content\/uploads\/2023\/12\/Larissa-Logo-16.svg","width":500,"height":500,"caption":"Larissa"},"logo":{"@id":"https:\/\/larissa-robcis.com\/wp-content\/uploads\/2023\/12\/Larissa-Logo-16.svg"}}]}},"_links":{"self":[{"href":"https:\/\/larissa-robcis.com\/fr\/wp-json\/wp\/v2\/pages\/1073","targetHints":{"allow":["GET"]}}],"collection":[{"href":"https:\/\/larissa-robcis.com\/fr\/wp-json\/wp\/v2\/pages"}],"about":[{"href":"https:\/\/larissa-robcis.com\/fr\/wp-json\/wp\/v2\/types\/page"}],"author":[{"embeddable":true,"href":"https:\/\/larissa-robcis.com\/fr\/wp-json\/wp\/v2\/users\/1"}],"replies":[{"embeddable":true,"href":"https:\/\/larissa-robcis.com\/fr\/wp-json\/wp\/v2\/comments?post=1073"}],"version-history":[{"count":116,"href":"https:\/\/larissa-robcis.com\/fr\/wp-json\/wp\/v2\/pages\/1073\/revisions"}],"predecessor-version":[{"id":1844,"href":"https:\/\/larissa-robcis.com\/fr\/wp-json\/wp\/v2\/pages\/1073\/revisions\/1844"}],"wp:attachment":[{"href":"https:\/\/larissa-robcis.com\/fr\/wp-json\/wp\/v2\/media?parent=1073"}],"curies":[{"name":"wp","href":"https:\/\/api.w.org\/{rel}","templated":true}]}}