{"id":3,"date":"2023-12-29T10:29:36","date_gmt":"2023-12-29T10:29:36","guid":{"rendered":"https:\/\/larissa-robcis.com\/?page_id=3"},"modified":"2024-10-04T09:48:23","modified_gmt":"2024-10-04T07:48:23","slug":"privacy-policy","status":"publish","type":"page","link":"https:\/\/larissa-robcis.com\/fr\/privacy-policy\/","title":{"rendered":"Privacy Policy"},"content":{"rendered":"<div data-elementor-type=\"wp-page\" data-elementor-id=\"3\" class=\"elementor elementor-3\" data-elementor-post-type=\"page\">\n\t\t\t\t<div class=\"elementor-element elementor-element-1f668719 e-flex e-con-boxed e-con e-parent\" data-id=\"1f668719\" data-element_type=\"container\" data-e-type=\"container\">\n\t\t\t\t\t<div class=\"e-con-inner\">\n\t\t\t\t<div class=\"elementor-element elementor-element-ce066d0 elementor-widget elementor-widget-heading\" data-id=\"ce066d0\" data-element_type=\"widget\" data-e-type=\"widget\" data-widget_type=\"heading.default\">\n\t\t\t\t<div class=\"elementor-widget-container\">\n\t\t\t\t\t<h1 class=\"elementor-heading-title elementor-size-default\">Politique de confidentialit\u00e9<\/h1>\t\t\t\t<\/div>\n\t\t\t\t<\/div>\n\t\t\t\t<div class=\"elementor-element elementor-element-38d7c3e7 elementor-widget elementor-widget-text-editor\" data-id=\"38d7c3e7\" data-element_type=\"widget\" data-e-type=\"widget\" data-widget_type=\"text-editor.default\">\n\t\t\t\t<div class=\"elementor-widget-container\">\n\t\t\t\t\t\t\t\t\t\n<h3 class=\"wp-block-heading\">Qui sommes-nous ?<\/h3>\n<p>\u00a0L'adresse de notre site web est la suivante : <a href=\"https:\/\/larissa-robcis.com\/fr\/\" target=\"_new\" rel=\"noopener\">https:\/\/larissa-robcis.com<\/a>.<\/p>\n<h3>Commentaires<\/h3>\n<p>Lorsque les visiteurs laissent des commentaires sur le site, nous recueillons les donn\u00e9es affich\u00e9es dans le formulaire de commentaires, ainsi que l'adresse IP du visiteur et la cha\u00eene de l'agent utilisateur du navigateur pour aider \u00e0 la d\u00e9tection du spam.<\/p>\n<p>Une cha\u00eene anonymis\u00e9e cr\u00e9\u00e9e \u00e0 partir de votre adresse e-mail (\u00e9galement appel\u00e9e hash) peut \u00eatre fournie au service Gravatar pour v\u00e9rifier si vous l'utilisez. La politique de confidentialit\u00e9 du service Gravatar est disponible ici : <a href=\"https:\/\/automattic.com\/privacy\/\" target=\"_new\" rel=\"noopener\">https:\/\/automattic.com\/privacy\/<\/a>. Despu\u00e9s de la aprobaci\u00f3n de tu comentario, tu foto de perfil ser\u00e1 visible para el p\u00fablico en el contexto de tu comentario.<\/p>\n<h3>M\u00e9dias<\/h3>\n<p>\u00a0Si vous t\u00e9l\u00e9chargez des images sur le site web, \u00e9vitez de le faire avec des donn\u00e9es de localisation int\u00e9gr\u00e9es (EXIF GPS). Les visiteurs du site web peuvent t\u00e9l\u00e9charger et extraire toutes les donn\u00e9es de localisation des images sur le site.<\/p>\n<h3>Cookies<\/h3>\n<p>\u00a0Si vous laissez un commentaire sur notre site, vous pouvez choisir de sauvegarder votre nom, votre adresse e-mail et votre site web dans des cookies. Cela est fait pour votre confort, afin que vous n'ayez pas \u00e0 remplir de nouveau vos informations lors de la publication d'un autre commentaire. Ces cookies seront conserv\u00e9s pendant un an.<\/p>\n<p>Si vous visitez notre page de connexion, nous configurerons un cookie temporaire afin de d\u00e9terminer si votre navigateur accepte les cookies. Ce cookie ne contient aucune donn\u00e9e personnelle et est supprim\u00e9 lorsque vous fermez votre navigateur.<\/p>\n<p>Lorsque vous vous connectez, nous configurons \u00e9galement plusieurs cookies pour enregistrer vos informations de connexion et vos pr\u00e9f\u00e9rences d'affichage. Les cookies de connexion durent deux jours, et les cookies li\u00e9s aux pr\u00e9f\u00e9rences d'affichage durent un an. Si vous s\u00e9lectionnez \u00ab Se souvenir de moi \u00bb, votre connexion sera maintenue pendant deux semaines. Si vous vous d\u00e9connectez de votre compte, les cookies de connexion seront supprim\u00e9s.<\/p>\n<p>Si vous modifiez ou publiez un article, un cookie suppl\u00e9mentaire sera enregistr\u00e9 dans votre navigateur. Ce cookie ne contient aucune donn\u00e9e personnelle et indique simplement l'ID de la publication de l'article que vous venez de modifier. Il expirera apr\u00e8s un jour.<\/p>\n<h3>Contenu int\u00e9gr\u00e9 provenant d'autres sites web<\/h3>\n<p>Les articles de ce site peuvent inclure du contenu int\u00e9gr\u00e9 (par exemple, des vid\u00e9os, des images, des articles, etc.). Le contenu int\u00e9gr\u00e9 depuis d'autres sites web se comporte de la m\u00eame mani\u00e8re que si le visiteur avait visit\u00e9 l'autre site web.<\/p>\n<p>Ces sites web peuvent collecter des donn\u00e9es vous concernant, utiliser des cookies, int\u00e9grer des outils de suivi tiers suppl\u00e9mentaires et surveiller vos interactions avec ce contenu int\u00e9gr\u00e9, y compris suivre vos interactions si vous avez un compte et que vous \u00eates connect\u00e9 \u00e0 ce site web.<\/p>\n<h3>Avec qui nous partageons vos donn\u00e9es<\/h3>\n<p>\u00a0Si vous demandez une r\u00e9initialisation de mot de passe, votre adresse IP sera incluse dans l'e-mail de r\u00e9initialisation.<\/p>\n<h3>Combien de temps nous conservons vos donn\u00e9es<\/h3>\n<p>Si vous laissez un commentaire, celui-ci et ses m\u00e9tadonn\u00e9es sont conserv\u00e9s ind\u00e9finiment. Cela nous permet de reconna\u00eetre et d'approuver automatiquement tout commentaire de suivi, au lieu de les retenir dans une file d'attente de mod\u00e9ration.<\/p>\n<p>Pour les utilisateurs qui s'inscrivent sur notre site web (le cas \u00e9ch\u00e9ant), nous stockons \u00e9galement les informations personnelles qu'ils fournissent dans leur profil utilisateur. Tous les utilisateurs peuvent consulter, modifier ou supprimer leurs informations personnelles \u00e0 tout moment (\u00e0 l'exception de leur nom d'utilisateur, qui ne peut pas \u00eatre modifi\u00e9). Les administrateurs du site web peuvent \u00e9galement voir et modifier ces informations.<\/p>\n<h3>Quels sont vos droits concernant vos donn\u00e9es<\/h3>\n<p>Si vous avez un compte sur ce site ou si vous avez laiss\u00e9 des commentaires, vous pouvez demander \u00e0 recevoir un fichier export\u00e9 des donn\u00e9es personnelles que nous d\u00e9tenons \u00e0 votre sujet, y compris toutes les donn\u00e9es que vous nous avez fournies. Vous pouvez \u00e9galement demander que nous supprimions toutes les donn\u00e9es personnelles que nous d\u00e9tenons \u00e0 votre sujet. Cela n'inclut pas les donn\u00e9es que nous sommes tenus de conserver pour des raisons administratives, l\u00e9gales ou de s\u00e9curit\u00e9.<\/p>\n<h3>O\u00f9 nous envoyons vos donn\u00e9es<\/h3>\n<p>Les commentaires des visiteurs peuvent \u00eatre examin\u00e9s par un service automatis\u00e9 de d\u00e9tection de spam.<\/p>\n\t\t\t\t\t\t\t\t<\/div>\n\t\t\t\t<\/div>\n\t\t\t\t\t<\/div>\n\t\t\t\t<\/div>\n\t\t\t\t<\/div>","protected":false},"excerpt":{"rendered":"<p>Pol\u00edtica de Privacidad Qui\u00e9nes somos \u00a0La direcci\u00f3n de nuestro sitio web es: https:\/\/larissa-robcis.com. Comentarios Cuando los visitantes dejan comentarios en el sitio, recopilamos los datos que se muestran en el formulario de comentarios, as\u00ed como la direcci\u00f3n IP del visitante y la cadena de agente de usuario del navegador para ayudar en la detecci\u00f3n de [&hellip;]<\/p>\n","protected":false},"author":1,"featured_media":0,"parent":0,"menu_order":0,"comment_status":"closed","ping_status":"open","template":"","meta":{"footnotes":""},"class_list":["post-3","page","type-page","status-publish","hentry"],"yoast_head":"<!-- This site is optimized with the Yoast SEO plugin v27.3 - https:\/\/yoast.com\/product\/yoast-seo-wordpress\/ -->\n<title>Privacy Policy - Larissa Robcis<\/title>\n<meta name=\"robots\" content=\"index, follow, max-snippet:-1, max-image-preview:large, max-video-preview:-1\" \/>\n<link rel=\"canonical\" href=\"https:\/\/larissa-robcis.com\/fr\/privacy-policy\/\" \/>\n<meta property=\"og:locale\" content=\"fr_FR\" \/>\n<meta property=\"og:type\" content=\"article\" \/>\n<meta property=\"og:title\" content=\"Privacy Policy - Larissa Robcis\" \/>\n<meta property=\"og:description\" content=\"Pol\u00edtica de Privacidad Qui\u00e9nes somos \u00a0La direcci\u00f3n de nuestro sitio web es: https:\/\/larissa-robcis.com. Comentarios Cuando los visitantes dejan comentarios en el sitio, recopilamos los datos que se muestran en el formulario de comentarios, as\u00ed como la direcci\u00f3n IP del visitante y la cadena de agente de usuario del navegador para ayudar en la detecci\u00f3n de [&hellip;]\" \/>\n<meta property=\"og:url\" content=\"https:\/\/larissa-robcis.com\/fr\/privacy-policy\/\" \/>\n<meta property=\"og:site_name\" content=\"Larissa Robcis\" \/>\n<meta property=\"article:modified_time\" content=\"2024-10-04T07:48:23+00:00\" \/>\n<meta name=\"twitter:card\" content=\"summary_large_image\" \/>\n<meta name=\"twitter:label1\" content=\"Dur\u00e9e de lecture estim\u00e9e\" \/>\n\t<meta name=\"twitter:data1\" content=\"4 minutes\" \/>\n<script type=\"application\/ld+json\" class=\"yoast-schema-graph\">{\"@context\":\"https:\\\/\\\/schema.org\",\"@graph\":[{\"@type\":\"WebPage\",\"@id\":\"https:\\\/\\\/larissa-robcis.com\\\/privacy-policy\\\/\",\"url\":\"https:\\\/\\\/larissa-robcis.com\\\/privacy-policy\\\/\",\"name\":\"Privacy Policy - Larissa Robcis\",\"isPartOf\":{\"@id\":\"https:\\\/\\\/larissa-robcis.com\\\/#website\"},\"datePublished\":\"2023-12-29T10:29:36+00:00\",\"dateModified\":\"2024-10-04T07:48:23+00:00\",\"breadcrumb\":{\"@id\":\"https:\\\/\\\/larissa-robcis.com\\\/privacy-policy\\\/#breadcrumb\"},\"inLanguage\":\"fr-FR\",\"potentialAction\":[{\"@type\":\"ReadAction\",\"target\":[\"https:\\\/\\\/larissa-robcis.com\\\/privacy-policy\\\/\"]}]},{\"@type\":\"BreadcrumbList\",\"@id\":\"https:\\\/\\\/larissa-robcis.com\\\/privacy-policy\\\/#breadcrumb\",\"itemListElement\":[{\"@type\":\"ListItem\",\"position\":1,\"name\":\"Accueil\",\"item\":\"https:\\\/\\\/larissa-robcis.com\\\/\"},{\"@type\":\"ListItem\",\"position\":2,\"name\":\"Privacy Policy\"}]},{\"@type\":\"WebSite\",\"@id\":\"https:\\\/\\\/larissa-robcis.com\\\/#website\",\"url\":\"https:\\\/\\\/larissa-robcis.com\\\/\",\"name\":\"Larissa Robcis\",\"description\":\"Dinero Trabajandom, Beneficios Para Siempre.\",\"publisher\":{\"@id\":\"https:\\\/\\\/larissa-robcis.com\\\/#\\\/schema\\\/person\\\/d1b496ffe3d165fdf53643519f59cc6e\"},\"potentialAction\":[{\"@type\":\"SearchAction\",\"target\":{\"@type\":\"EntryPoint\",\"urlTemplate\":\"https:\\\/\\\/larissa-robcis.com\\\/?s={search_term_string}\"},\"query-input\":{\"@type\":\"PropertyValueSpecification\",\"valueRequired\":true,\"valueName\":\"search_term_string\"}}],\"inLanguage\":\"fr-FR\"},{\"@type\":[\"Person\",\"Organization\"],\"@id\":\"https:\\\/\\\/larissa-robcis.com\\\/#\\\/schema\\\/person\\\/d1b496ffe3d165fdf53643519f59cc6e\",\"name\":\"Larissa\",\"image\":{\"@type\":\"ImageObject\",\"inLanguage\":\"fr-FR\",\"@id\":\"https:\\\/\\\/larissa-robcis.com\\\/wp-content\\\/uploads\\\/2023\\\/12\\\/Larissa-Logo-16.svg\",\"url\":\"https:\\\/\\\/larissa-robcis.com\\\/wp-content\\\/uploads\\\/2023\\\/12\\\/Larissa-Logo-16.svg\",\"contentUrl\":\"https:\\\/\\\/larissa-robcis.com\\\/wp-content\\\/uploads\\\/2023\\\/12\\\/Larissa-Logo-16.svg\",\"width\":500,\"height\":500,\"caption\":\"Larissa\"},\"logo\":{\"@id\":\"https:\\\/\\\/larissa-robcis.com\\\/wp-content\\\/uploads\\\/2023\\\/12\\\/Larissa-Logo-16.svg\"}}]}<\/script>\n<!-- \/ Yoast SEO plugin. -->","yoast_head_json":{"title":"Privacy Policy - Larissa Robcis","robots":{"index":"index","follow":"follow","max-snippet":"max-snippet:-1","max-image-preview":"max-image-preview:large","max-video-preview":"max-video-preview:-1"},"canonical":"https:\/\/larissa-robcis.com\/fr\/privacy-policy\/","og_locale":"fr_FR","og_type":"article","og_title":"Privacy Policy - Larissa Robcis","og_description":"Pol\u00edtica de Privacidad Qui\u00e9nes somos \u00a0La direcci\u00f3n de nuestro sitio web es: https:\/\/larissa-robcis.com. Comentarios Cuando los visitantes dejan comentarios en el sitio, recopilamos los datos que se muestran en el formulario de comentarios, as\u00ed como la direcci\u00f3n IP del visitante y la cadena de agente de usuario del navegador para ayudar en la detecci\u00f3n de [&hellip;]","og_url":"https:\/\/larissa-robcis.com\/fr\/privacy-policy\/","og_site_name":"Larissa Robcis","article_modified_time":"2024-10-04T07:48:23+00:00","twitter_card":"summary_large_image","twitter_misc":{"Dur\u00e9e de lecture estim\u00e9e":"4 minutes"},"schema":{"@context":"https:\/\/schema.org","@graph":[{"@type":"WebPage","@id":"https:\/\/larissa-robcis.com\/privacy-policy\/","url":"https:\/\/larissa-robcis.com\/privacy-policy\/","name":"Privacy Policy - Larissa Robcis","isPartOf":{"@id":"https:\/\/larissa-robcis.com\/#website"},"datePublished":"2023-12-29T10:29:36+00:00","dateModified":"2024-10-04T07:48:23+00:00","breadcrumb":{"@id":"https:\/\/larissa-robcis.com\/privacy-policy\/#breadcrumb"},"inLanguage":"fr-FR","potentialAction":[{"@type":"ReadAction","target":["https:\/\/larissa-robcis.com\/privacy-policy\/"]}]},{"@type":"BreadcrumbList","@id":"https:\/\/larissa-robcis.com\/privacy-policy\/#breadcrumb","itemListElement":[{"@type":"ListItem","position":1,"name":"Accueil","item":"https:\/\/larissa-robcis.com\/"},{"@type":"ListItem","position":2,"name":"Privacy Policy"}]},{"@type":"WebSite","@id":"https:\/\/larissa-robcis.com\/#website","url":"https:\/\/larissa-robcis.com\/","name":"Larissa Robcis","description":"Dinero Trabajandom, Beneficios Para Siempre.","publisher":{"@id":"https:\/\/larissa-robcis.com\/#\/schema\/person\/d1b496ffe3d165fdf53643519f59cc6e"},"potentialAction":[{"@type":"SearchAction","target":{"@type":"EntryPoint","urlTemplate":"https:\/\/larissa-robcis.com\/?s={search_term_string}"},"query-input":{"@type":"PropertyValueSpecification","valueRequired":true,"valueName":"search_term_string"}}],"inLanguage":"fr-FR"},{"@type":["Person","Organization"],"@id":"https:\/\/larissa-robcis.com\/#\/schema\/person\/d1b496ffe3d165fdf53643519f59cc6e","name":"Larissa","image":{"@type":"ImageObject","inLanguage":"fr-FR","@id":"https:\/\/larissa-robcis.com\/wp-content\/uploads\/2023\/12\/Larissa-Logo-16.svg","url":"https:\/\/larissa-robcis.com\/wp-content\/uploads\/2023\/12\/Larissa-Logo-16.svg","contentUrl":"https:\/\/larissa-robcis.com\/wp-content\/uploads\/2023\/12\/Larissa-Logo-16.svg","width":500,"height":500,"caption":"Larissa"},"logo":{"@id":"https:\/\/larissa-robcis.com\/wp-content\/uploads\/2023\/12\/Larissa-Logo-16.svg"}}]}},"_links":{"self":[{"href":"https:\/\/larissa-robcis.com\/fr\/wp-json\/wp\/v2\/pages\/3","targetHints":{"allow":["GET"]}}],"collection":[{"href":"https:\/\/larissa-robcis.com\/fr\/wp-json\/wp\/v2\/pages"}],"about":[{"href":"https:\/\/larissa-robcis.com\/fr\/wp-json\/wp\/v2\/types\/page"}],"author":[{"embeddable":true,"href":"https:\/\/larissa-robcis.com\/fr\/wp-json\/wp\/v2\/users\/1"}],"replies":[{"embeddable":true,"href":"https:\/\/larissa-robcis.com\/fr\/wp-json\/wp\/v2\/comments?post=3"}],"version-history":[{"count":9,"href":"https:\/\/larissa-robcis.com\/fr\/wp-json\/wp\/v2\/pages\/3\/revisions"}],"predecessor-version":[{"id":1753,"href":"https:\/\/larissa-robcis.com\/fr\/wp-json\/wp\/v2\/pages\/3\/revisions\/1753"}],"wp:attachment":[{"href":"https:\/\/larissa-robcis.com\/fr\/wp-json\/wp\/v2\/media?parent=3"}],"curies":[{"name":"wp","href":"https:\/\/api.w.org\/{rel}","templated":true}]}}